{"id":14,"date":"2026-01-21T08:17:25","date_gmt":"2026-01-21T08:17:25","guid":{"rendered":"https:\/\/yman-network.org\/?page_id=14"},"modified":"2026-02-05T02:30:19","modified_gmt":"2026-02-05T02:30:19","slug":"temas","status":"publish","type":"page","link":"https:\/\/yman-network.org\/es\/temas\/","title":{"rendered":"Temas"},"content":{"rendered":"<div data-elementor-type=\"wp-page\" data-elementor-id=\"14\" class=\"elementor elementor-14\" data-elementor-post-type=\"page\">\n\t\t\t\t<div class=\"elementor-element elementor-element-46e0815 e-con-full e-flex e-con e-parent\" data-id=\"46e0815\" data-element_type=\"container\" data-e-type=\"container\">\n\t\t\t\t<div class=\"elementor-element elementor-element-144f0f1 elementor-widget elementor-widget-image\" data-id=\"144f0f1\" data-element_type=\"widget\" data-e-type=\"widget\" data-widget_type=\"image.default\">\n\t\t\t\t\t\t\t\t\t\t\t\t\t\t\t<img fetchpriority=\"high\" decoding=\"async\" width=\"1024\" height=\"320\" src=\"https:\/\/yman-network.org\/wp-content\/uploads\/2026\/01\/Topics-1-1024x320.png\" class=\"attachment-large size-large wp-image-695\" alt=\"\" srcset=\"https:\/\/yman-network.org\/wp-content\/uploads\/2026\/01\/Topics-1-1024x320.png 1024w, https:\/\/yman-network.org\/wp-content\/uploads\/2026\/01\/Topics-1-300x94.png 300w, https:\/\/yman-network.org\/wp-content\/uploads\/2026\/01\/Topics-1-768x240.png 768w, https:\/\/yman-network.org\/wp-content\/uploads\/2026\/01\/Topics-1-1536x480.png 1536w, https:\/\/yman-network.org\/wp-content\/uploads\/2026\/01\/Topics-1.png 1920w\" sizes=\"(max-width: 1024px) 100vw, 1024px\" \/>\t\t\t\t\t\t\t\t\t\t\t\t\t\t\t<\/div>\n\t\t\t\t<\/div>\n\t\t<div class=\"elementor-element elementor-element-c2c7c11 e-flex e-con-boxed e-con e-parent\" data-id=\"c2c7c11\" data-element_type=\"container\" data-e-type=\"container\">\n\t\t\t\t\t<div class=\"e-con-inner\">\n\t\t\t\t<div class=\"elementor-element elementor-element-37a5b02 elementor-widget__width-initial elementor-widget elementor-widget-text-editor\" data-id=\"37a5b02\" data-element_type=\"widget\" data-e-type=\"widget\" data-widget_type=\"text-editor.default\">\n\t\t\t\t\t\t\t\t\t<p><span style=\"color: #cc1e17;\">Principal<\/span> Temas<\/p>\t\t\t\t\t\t\t\t<\/div>\n\t\t\t\t<div class=\"elementor-element elementor-element-98d75ed elementor-widget-divider--view-line elementor-widget elementor-widget-divider\" data-id=\"98d75ed\" data-element_type=\"widget\" data-e-type=\"widget\" data-widget_type=\"divider.default\">\n\t\t\t\t\t\t\t<div class=\"elementor-divider\">\n\t\t\t<span class=\"elementor-divider-separator\">\n\t\t\t\t\t\t<\/span>\n\t\t<\/div>\n\t\t\t\t\t\t<\/div>\n\t\t\t\t\t<\/div>\n\t\t\t\t<\/div>\n\t\t<div class=\"elementor-element elementor-element-b7543e0 e-flex e-con-boxed e-con e-parent\" data-id=\"b7543e0\" data-element_type=\"container\" data-e-type=\"container\">\n\t\t\t\t\t<div class=\"e-con-inner\">\n\t\t\t\t<div class=\"elementor-element elementor-element-ac2478a elementor-widget__width-initial elementor-widget elementor-widget-text-editor\" data-id=\"ac2478a\" data-element_type=\"widget\" data-e-type=\"widget\" data-widget_type=\"text-editor.default\">\n\t\t\t\t\t\t\t\t\t<p>\u00a0<\/p><p><strong>1.   M\u00e1quinas herramienta inteligentes<\/strong><\/p><p>(M\u00e1quinas herramienta inteligentes y multitarea, sistemas inteligentes de herramientas\/fijaciones, componentes inteligentes de m\u00e1quinas, supervisi\u00f3n, detecci\u00f3n y control de procesos, etc.)<\/p><p><strong>2.  Fabricaci\u00f3n virtual<\/strong><\/p><p>(Modelizaci\u00f3n de procesos basada en el aprendizaje autom\u00e1tico informado por la f\u00edsica, modelizaci\u00f3n integrada de geometr\u00eda y din\u00e1mica, gemelos digitales y metrolog\u00eda virtual, etc.)<\/p><p><strong>3. La IA en la fabricaci\u00f3n<\/strong><\/p><p>(IA y fabricaci\u00f3n basada en datos, fabricaci\u00f3n inteligente y aplicaciones de Industria 4.0, sostenibilidad y procesos de fabricaci\u00f3n energ\u00e9ticamente eficientes, etc.)\u00a0<\/p><p><strong>4.  Metrolog\u00eda avanzada<\/strong><\/p><p>(Metrolog\u00eda e inspecci\u00f3n dimensional en la producci\u00f3n, sistemas de medici\u00f3n \u00f3ptica, l\u00e1ser y sin contacto, medici\u00f3n in situ\/en l\u00ednea, etc.)<\/p><p><strong>5.  Robots en la producci\u00f3n<\/strong><\/p><p>(Robots de medici\u00f3n\/ensamblaje\/manipulaci\u00f3n, mecanizado robotizado, colaboraci\u00f3n humano-robot, robots con IA incorporada, etc.)<\/p><p><strong>6.  Fabricaci\u00f3n h\u00edbrida<\/strong><\/p><p>(Procesos de mecanizado basados en l\u00e1ser e h\u00edbridos, fabricaci\u00f3n h\u00edbrida aditiva-sustractiva, tecnolog\u00edas de fabricaci\u00f3n aditiva de metales, etc.)<\/p><p><strong>7.  Procesado de nuevos materiales<\/strong><\/p><p>(Materiales y aleaciones avanzados para la fabricaci\u00f3n, integridad de superficies y superficies funcionales, fabricaci\u00f3n de alto rendimiento, etc.)<\/p>\t\t\t\t\t\t\t\t<\/div>\n\t\t\t\t\t<\/div>\n\t\t\t\t<\/div>\n\t\t\t\t<\/div>","protected":false},"excerpt":{"rendered":"<p>Main Topics \u00a0 1.\u00a0 \u00a0Intelligent Machine Tools (Intelligent, multi-task machine tools, intelligent tooling\/fixture systems, intelligent machine components, process monitoring, sensing, [&hellip;]<\/p>","protected":false},"author":1,"featured_media":0,"parent":0,"menu_order":0,"comment_status":"closed","ping_status":"closed","template":"","meta":{"site-sidebar-layout":"no-sidebar","site-content-layout":"","ast-site-content-layout":"full-width-container","site-content-style":"default","site-sidebar-style":"default","ast-global-header-display":"","ast-banner-title-visibility":"","ast-main-header-display":"","ast-hfb-above-header-display":"","ast-hfb-below-header-display":"","ast-hfb-mobile-header-display":"","site-post-title":"disabled","ast-breadcrumbs-content":"","ast-featured-img":"disabled","footer-sml-layout":"","ast-disable-related-posts":"","theme-transparent-header-meta":"","adv-header-id-meta":"","stick-header-meta":"","header-above-stick-meta":"","header-main-stick-meta":"","header-below-stick-meta":"","astra-migrate-meta-layouts":"default","ast-page-background-enabled":"default","ast-page-background-meta":{"desktop":{"background-color":"var(--ast-global-color-5)","background-image":"","background-repeat":"repeat","background-position":"center center","background-size":"auto","background-attachment":"scroll","background-type":"","background-media":"","overlay-type":"","overlay-color":"","overlay-opacity":"","overlay-gradient":""},"tablet":{"background-color":"","background-image":"","background-repeat":"repeat","background-position":"center center","background-size":"auto","background-attachment":"scroll","background-type":"","background-media":"","overlay-type":"","overlay-color":"","overlay-opacity":"","overlay-gradient":""},"mobile":{"background-color":"","background-image":"","background-repeat":"repeat","background-position":"center center","background-size":"auto","background-attachment":"scroll","background-type":"","background-media":"","overlay-type":"","overlay-color":"","overlay-opacity":"","overlay-gradient":""}},"ast-content-background-meta":{"desktop":{"background-color":"var(--ast-global-color-4)","background-image":"","background-repeat":"repeat","background-position":"center center","background-size":"auto","background-attachment":"scroll","background-type":"","background-media":"","overlay-type":"","overlay-color":"","overlay-opacity":"","overlay-gradient":""},"tablet":{"background-color":"var(--ast-global-color-4)","background-image":"","background-repeat":"repeat","background-position":"center center","background-size":"auto","background-attachment":"scroll","background-type":"","background-media":"","overlay-type":"","overlay-color":"","overlay-opacity":"","overlay-gradient":""},"mobile":{"background-color":"var(--ast-global-color-4)","background-image":"","background-repeat":"repeat","background-position":"center center","background-size":"auto","background-attachment":"scroll","background-type":"","background-media":"","overlay-type":"","overlay-color":"","overlay-opacity":"","overlay-gradient":""}},"footnotes":""},"class_list":["post-14","page","type-page","status-publish","hentry"],"yoast_head":"<!-- This site is optimized with the Yoast SEO plugin v27.4 - https:\/\/yoast.com\/product\/yoast-seo-wordpress\/ -->\n<title>Topics - https:\/\/yman-network.org<\/title>\n<meta name=\"robots\" content=\"index, follow, max-snippet:-1, max-image-preview:large, max-video-preview:-1\" \/>\n<link rel=\"canonical\" href=\"https:\/\/yman-network.org\/es\/temas\/\" \/>\n<meta property=\"og:locale\" content=\"es_ES\" \/>\n<meta property=\"og:type\" content=\"article\" \/>\n<meta property=\"og:title\" content=\"Topics - https:\/\/yman-network.org\" \/>\n<meta property=\"og:description\" content=\"Main Topics \u00a0 1.\u00a0 \u00a0Intelligent Machine Tools (Intelligent, multi-task machine tools, intelligent tooling\/fixture systems, intelligent machine components, process monitoring, sensing, [&hellip;]\" \/>\n<meta property=\"og:url\" content=\"https:\/\/yman-network.org\/es\/temas\/\" \/>\n<meta property=\"og:site_name\" content=\"https:\/\/yman-network.org\" \/>\n<meta property=\"article:modified_time\" content=\"2026-02-05T02:30:19+00:00\" \/>\n<meta property=\"og:image\" content=\"https:\/\/yman-network.org\/wp-content\/uploads\/2026\/01\/Topics-1.png\" \/>\n\t<meta property=\"og:image:width\" content=\"1920\" \/>\n\t<meta property=\"og:image:height\" content=\"600\" \/>\n\t<meta property=\"og:image:type\" content=\"image\/png\" \/>\n<meta name=\"twitter:card\" content=\"summary_large_image\" \/>\n<meta name=\"twitter:label1\" content=\"Tiempo de lectura\" \/>\n\t<meta name=\"twitter:data1\" content=\"1 minuto\" \/>\n<script type=\"application\/ld+json\" class=\"yoast-schema-graph\">{\"@context\":\"https:\\\/\\\/schema.org\",\"@graph\":[{\"@type\":\"WebPage\",\"@id\":\"https:\\\/\\\/yman-network.org\\\/topics\\\/\",\"url\":\"https:\\\/\\\/yman-network.org\\\/topics\\\/\",\"name\":\"Topics - https:\\\/\\\/yman-network.org\",\"isPartOf\":{\"@id\":\"https:\\\/\\\/yman-network.org\\\/#website\"},\"primaryImageOfPage\":{\"@id\":\"https:\\\/\\\/yman-network.org\\\/topics\\\/#primaryimage\"},\"image\":{\"@id\":\"https:\\\/\\\/yman-network.org\\\/topics\\\/#primaryimage\"},\"thumbnailUrl\":\"https:\\\/\\\/yman-network.org\\\/wp-content\\\/uploads\\\/2026\\\/01\\\/Topics-1-1024x320.png\",\"datePublished\":\"2026-01-21T08:17:25+00:00\",\"dateModified\":\"2026-02-05T02:30:19+00:00\",\"breadcrumb\":{\"@id\":\"https:\\\/\\\/yman-network.org\\\/topics\\\/#breadcrumb\"},\"inLanguage\":\"es\",\"potentialAction\":[{\"@type\":\"ReadAction\",\"target\":[\"https:\\\/\\\/yman-network.org\\\/topics\\\/\"]}]},{\"@type\":\"ImageObject\",\"inLanguage\":\"es\",\"@id\":\"https:\\\/\\\/yman-network.org\\\/topics\\\/#primaryimage\",\"url\":\"https:\\\/\\\/yman-network.org\\\/wp-content\\\/uploads\\\/2026\\\/01\\\/Topics-1-1024x320.png\",\"contentUrl\":\"https:\\\/\\\/yman-network.org\\\/wp-content\\\/uploads\\\/2026\\\/01\\\/Topics-1-1024x320.png\"},{\"@type\":\"BreadcrumbList\",\"@id\":\"https:\\\/\\\/yman-network.org\\\/topics\\\/#breadcrumb\",\"itemListElement\":[{\"@type\":\"ListItem\",\"position\":1,\"name\":\"Home\",\"item\":\"https:\\\/\\\/yman-network.org\\\/\"},{\"@type\":\"ListItem\",\"position\":2,\"name\":\"Topics\"}]},{\"@type\":\"WebSite\",\"@id\":\"https:\\\/\\\/yman-network.org\\\/#website\",\"url\":\"https:\\\/\\\/yman-network.org\\\/\",\"name\":\"https:\\\/\\\/yman-network.org\",\"description\":\"Young Researchers for  Manufacturing progress (YMAN)\",\"publisher\":{\"@id\":\"https:\\\/\\\/yman-network.org\\\/#organization\"},\"potentialAction\":[{\"@type\":\"SearchAction\",\"target\":{\"@type\":\"EntryPoint\",\"urlTemplate\":\"https:\\\/\\\/yman-network.org\\\/?s={search_term_string}\"},\"query-input\":{\"@type\":\"PropertyValueSpecification\",\"valueRequired\":true,\"valueName\":\"search_term_string\"}}],\"inLanguage\":\"es\"},{\"@type\":\"Organization\",\"@id\":\"https:\\\/\\\/yman-network.org\\\/#organization\",\"name\":\"yman-network\",\"url\":\"https:\\\/\\\/yman-network.org\\\/\",\"logo\":{\"@type\":\"ImageObject\",\"inLanguage\":\"es\",\"@id\":\"https:\\\/\\\/yman-network.org\\\/#\\\/schema\\\/logo\\\/image\\\/\",\"url\":\"https:\\\/\\\/yman-network.org\\\/wp-content\\\/uploads\\\/2026\\\/01\\\/\u56fe\u5c42-7.png\",\"contentUrl\":\"https:\\\/\\\/yman-network.org\\\/wp-content\\\/uploads\\\/2026\\\/01\\\/\u56fe\u5c42-7.png\",\"width\":371,\"height\":194,\"caption\":\"yman-network\"},\"image\":{\"@id\":\"https:\\\/\\\/yman-network.org\\\/#\\\/schema\\\/logo\\\/image\\\/\"},\"sameAs\":[\"https:\\\/\\\/www.linkedin.com\\\/in\\\/yman-network-5542633a7\\\/\"]}]}<\/script>\n<!-- \/ Yoast SEO plugin. -->","yoast_head_json":{"title":"Temas - https:\/\/yman-network.org","robots":{"index":"index","follow":"follow","max-snippet":"max-snippet:-1","max-image-preview":"max-image-preview:large","max-video-preview":"max-video-preview:-1"},"canonical":"https:\/\/yman-network.org\/es\/temas\/","og_locale":"es_ES","og_type":"article","og_title":"Topics - https:\/\/yman-network.org","og_description":"Main Topics \u00a0 1.\u00a0 \u00a0Intelligent Machine Tools (Intelligent, multi-task machine tools, intelligent tooling\/fixture systems, intelligent machine components, process monitoring, sensing, [&hellip;]","og_url":"https:\/\/yman-network.org\/es\/temas\/","og_site_name":"https:\/\/yman-network.org","article_modified_time":"2026-02-05T02:30:19+00:00","og_image":[{"width":1920,"height":600,"url":"https:\/\/yman-network.org\/wp-content\/uploads\/2026\/01\/Topics-1.png","type":"image\/png"}],"twitter_card":"summary_large_image","twitter_misc":{"Tiempo de lectura":"1 minuto"},"schema":{"@context":"https:\/\/schema.org","@graph":[{"@type":"WebPage","@id":"https:\/\/yman-network.org\/topics\/","url":"https:\/\/yman-network.org\/topics\/","name":"Temas - https:\/\/yman-network.org","isPartOf":{"@id":"https:\/\/yman-network.org\/#website"},"primaryImageOfPage":{"@id":"https:\/\/yman-network.org\/topics\/#primaryimage"},"image":{"@id":"https:\/\/yman-network.org\/topics\/#primaryimage"},"thumbnailUrl":"https:\/\/yman-network.org\/wp-content\/uploads\/2026\/01\/Topics-1-1024x320.png","datePublished":"2026-01-21T08:17:25+00:00","dateModified":"2026-02-05T02:30:19+00:00","breadcrumb":{"@id":"https:\/\/yman-network.org\/topics\/#breadcrumb"},"inLanguage":"es","potentialAction":[{"@type":"ReadAction","target":["https:\/\/yman-network.org\/topics\/"]}]},{"@type":"ImageObject","inLanguage":"es","@id":"https:\/\/yman-network.org\/topics\/#primaryimage","url":"https:\/\/yman-network.org\/wp-content\/uploads\/2026\/01\/Topics-1-1024x320.png","contentUrl":"https:\/\/yman-network.org\/wp-content\/uploads\/2026\/01\/Topics-1-1024x320.png"},{"@type":"BreadcrumbList","@id":"https:\/\/yman-network.org\/topics\/#breadcrumb","itemListElement":[{"@type":"ListItem","position":1,"name":"Home","item":"https:\/\/yman-network.org\/"},{"@type":"ListItem","position":2,"name":"Topics"}]},{"@type":"WebSite","@id":"https:\/\/yman-network.org\/#website","url":"https:\/\/yman-network.org\/","name":"https:\/\/yman-network.org","description":"J\u00f3venes Investigadores para el Progreso de la Fabricaci\u00f3n (YMAN)","publisher":{"@id":"https:\/\/yman-network.org\/#organization"},"potentialAction":[{"@type":"SearchAction","target":{"@type":"EntryPoint","urlTemplate":"https:\/\/yman-network.org\/?s={search_term_string}"},"query-input":{"@type":"PropertyValueSpecification","valueRequired":true,"valueName":"search_term_string"}}],"inLanguage":"es"},{"@type":"Organization","@id":"https:\/\/yman-network.org\/#organization","name":"yman-red","url":"https:\/\/yman-network.org\/","logo":{"@type":"ImageObject","inLanguage":"es","@id":"https:\/\/yman-network.org\/#\/schema\/logo\/image\/","url":"https:\/\/yman-network.org\/wp-content\/uploads\/2026\/01\/\u56fe\u5c42-7.png","contentUrl":"https:\/\/yman-network.org\/wp-content\/uploads\/2026\/01\/\u56fe\u5c42-7.png","width":371,"height":194,"caption":"yman-network"},"image":{"@id":"https:\/\/yman-network.org\/#\/schema\/logo\/image\/"},"sameAs":["https:\/\/www.linkedin.com\/in\/yman-network-5542633a7\/"]}]}},"_hostinger_reach_plugin_has_subscription_block":false,"_hostinger_reach_plugin_is_elementor":false,"_links":{"self":[{"href":"https:\/\/yman-network.org\/es\/wp-json\/wp\/v2\/pages\/14","targetHints":{"allow":["GET"]}}],"collection":[{"href":"https:\/\/yman-network.org\/es\/wp-json\/wp\/v2\/pages"}],"about":[{"href":"https:\/\/yman-network.org\/es\/wp-json\/wp\/v2\/types\/page"}],"author":[{"embeddable":true,"href":"https:\/\/yman-network.org\/es\/wp-json\/wp\/v2\/users\/1"}],"replies":[{"embeddable":true,"href":"https:\/\/yman-network.org\/es\/wp-json\/wp\/v2\/comments?post=14"}],"version-history":[{"count":88,"href":"https:\/\/yman-network.org\/es\/wp-json\/wp\/v2\/pages\/14\/revisions"}],"predecessor-version":[{"id":1513,"href":"https:\/\/yman-network.org\/es\/wp-json\/wp\/v2\/pages\/14\/revisions\/1513"}],"wp:attachment":[{"href":"https:\/\/yman-network.org\/es\/wp-json\/wp\/v2\/media?parent=14"}],"curies":[{"name":"wp","href":"https:\/\/api.w.org\/{rel}","templated":true}]}}